{"id":19,"date":"2024-09-22T01:21:59","date_gmt":"2024-09-22T04:21:59","guid":{"rendered":"http:\/\/sk8naveia.com.br\/?page_id=19"},"modified":"2024-09-24T08:19:21","modified_gmt":"2024-09-24T11:19:21","slug":"contato","status":"publish","type":"page","link":"http:\/\/sk8naveia.com.br\/index.php\/contato\/","title":{"rendered":"Contato"},"content":{"rendered":"<p>Nem sei pra que existe essa p\u00e1gina aqui. Na verdade o modelo que usei pra fazer o site tinha a p\u00e1gina, e resolvi deixar, mas n\u00e3o funciona pra nada!<\/p>\n<p>Na p\u00e1gina inicial e nas p\u00e1ginas dos posts sempre tem a informa\u00e7\u00e3o de onde e quando me encontrar.<\/p>\n","protected":false},"excerpt":{"rendered":"<p>Nem sei pra que existe essa p\u00e1gina aqui. Na verdade o modelo que usei pra fazer o site tinha a p\u00e1gina, e resolvi deixar, mas n\u00e3o funciona pra nada! Na p\u00e1gina inicial e nas p\u00e1ginas dos posts sempre tem a informa\u00e7\u00e3o de onde e quando me encontrar.<\/p>\n","protected":false},"author":1,"featured_media":0,"parent":0,"menu_order":0,"comment_status":"closed","ping_status":"closed","template":"","meta":{"footnotes":""},"class_list":["post-19","page","type-page","status-publish","hentry"],"_links":{"self":[{"href":"http:\/\/sk8naveia.com.br\/index.php\/wp-json\/wp\/v2\/pages\/19","targetHints":{"allow":["GET"]}}],"collection":[{"href":"http:\/\/sk8naveia.com.br\/index.php\/wp-json\/wp\/v2\/pages"}],"about":[{"href":"http:\/\/sk8naveia.com.br\/index.php\/wp-json\/wp\/v2\/types\/page"}],"author":[{"embeddable":true,"href":"http:\/\/sk8naveia.com.br\/index.php\/wp-json\/wp\/v2\/users\/1"}],"replies":[{"embeddable":true,"href":"http:\/\/sk8naveia.com.br\/index.php\/wp-json\/wp\/v2\/comments?post=19"}],"version-history":[{"count":2,"href":"http:\/\/sk8naveia.com.br\/index.php\/wp-json\/wp\/v2\/pages\/19\/revisions"}],"predecessor-version":[{"id":62,"href":"http:\/\/sk8naveia.com.br\/index.php\/wp-json\/wp\/v2\/pages\/19\/revisions\/62"}],"wp:attachment":[{"href":"http:\/\/sk8naveia.com.br\/index.php\/wp-json\/wp\/v2\/media?parent=19"}],"curies":[{"name":"wp","href":"https:\/\/api.w.org\/{rel}","templated":true}]}}