{"id":20,"date":"2024-09-22T01:21:59","date_gmt":"2024-09-22T04:21:59","guid":{"rendered":"http:\/\/sk8naveia.com.br\/?page_id=20"},"modified":"2024-09-24T09:53:31","modified_gmt":"2024-09-24T12:53:31","slug":"blog","status":"publish","type":"page","link":"http:\/\/sk8naveia.com.br\/index.php\/blog\/","title":{"rendered":"Blog"},"content":{"rendered":"\n<p>De vez em quando a gente consegue escrever alguma coisa aqui no Blog. Sei l\u00e1, s\u00f3 sei que \u00e9 assim!<\/p>\n","protected":false},"excerpt":{"rendered":"<p>De vez em quando a gente consegue escrever alguma coisa aqui no Blog. Sei l\u00e1, s\u00f3 sei que \u00e9 assim!<\/p>\n","protected":false},"author":1,"featured_media":0,"parent":0,"menu_order":0,"comment_status":"closed","ping_status":"closed","template":"","meta":{"footnotes":""},"class_list":["post-20","page","type-page","status-publish","hentry"],"_links":{"self":[{"href":"http:\/\/sk8naveia.com.br\/index.php\/wp-json\/wp\/v2\/pages\/20","targetHints":{"allow":["GET"]}}],"collection":[{"href":"http:\/\/sk8naveia.com.br\/index.php\/wp-json\/wp\/v2\/pages"}],"about":[{"href":"http:\/\/sk8naveia.com.br\/index.php\/wp-json\/wp\/v2\/types\/page"}],"author":[{"embeddable":true,"href":"http:\/\/sk8naveia.com.br\/index.php\/wp-json\/wp\/v2\/users\/1"}],"replies":[{"embeddable":true,"href":"http:\/\/sk8naveia.com.br\/index.php\/wp-json\/wp\/v2\/comments?post=20"}],"version-history":[{"count":2,"href":"http:\/\/sk8naveia.com.br\/index.php\/wp-json\/wp\/v2\/pages\/20\/revisions"}],"predecessor-version":[{"id":63,"href":"http:\/\/sk8naveia.com.br\/index.php\/wp-json\/wp\/v2\/pages\/20\/revisions\/63"}],"wp:attachment":[{"href":"http:\/\/sk8naveia.com.br\/index.php\/wp-json\/wp\/v2\/media?parent=20"}],"curies":[{"name":"wp","href":"https:\/\/api.w.org\/{rel}","templated":true}]}}